{"id":1236,"date":"2021-06-27T17:31:07","date_gmt":"2021-06-27T17:31:07","guid":{"rendered":"https:\/\/www.orus.cloud\/lacasitadelherrador\/?page_id=1236"},"modified":"2021-06-29T18:38:58","modified_gmt":"2021-06-29T18:38:58","slug":"que-visitar","status":"publish","type":"page","link":"https:\/\/www.orus.cloud\/lacasitadelherrador\/?page_id=1236","title":{"rendered":"\u00bfQU\u00c9 VISITAR?"},"content":{"rendered":"<p>[vc_row][vc_column]<div class=\"ult-animation  ult-animate-viewport  ult-no-mobile \" data-animate=\"flipInX\" data-animation-delay=\"0.3\" data-animation-duration=\"1\" data-animation-iteration=\"1\" style=\"opacity:0;\" data-opacity_start_effect=\"100\"><div id=\"ultimate-heading-566569ee1f6e88337\" class=\"uvc-heading ult-adjust-bottom-margin ultimate-heading-566569ee1f6e88337 uvc-6710 \" data-hspacer=\"image_only\"  data-halign=\"center\" style=\"text-align:center\"><div class=\"uvc-heading-spacer image_only\" style=\"margin-bottom:10px;\"><img decoding=\"async\" src=\"https:\/\/www.orus.cloud\/lacasitadelherrador\/wp-content\/uploads\/2021\/06\/herradura.png\" class=\"ultimate-headings-icon-image\" alt=\"null\" style=\"width:48px\"\/><\/div><div class=\"uvc-main-heading ult-responsive\"  data-ultimate-target='.uvc-heading.ultimate-heading-566569ee1f6e88337 h2'  data-responsive-json-new='{\"font-size\":\"desktop:25px;\",\"line-height\":\"\"}' ><h2 style=\"font-family:&#039;Poppins&#039;;font-weight:600;color:#3d3935;\">EL BURGO DE OSMA<\/h2><\/div><\/div><\/div><div class=\"ult-content-box-container text_about\" >\t\t<div class=\"ult-content-box\" style=\"box-shadow: px px px px rgb(247, 247, 247) none;padding-top:16px;margin-top:0px;margin-right:204px;margin-bottom:0px;margin-left:204px;-webkit-transition: all 700ms ease;-moz-transition: all 700ms ease;-ms-transition: all 700ms ease;-o-transition: all 700ms ease;transition: all 700ms ease;\"  data-hover_box_shadow=\"none\"   data-responsive_margins=\"margin-top:0px;margin-right:15px;margin-bottom:0px;margin-left:15px;\"   data-normal_margins=\"margin-top:0px;margin-right:204px;margin-bottom:0px;margin-left:204px;\"  >[vc_column_text]El Burgo de Osma es un municipio y localidad de la provincia de Soria, comunidad aut\u00f3noma de Castilla y Le\u00f3n, Espa\u00f1a.<br \/>\nLa Ciudad de Osma es el n\u00facleo hist\u00f3rico altomedieval, mientras que El Burgo de Osma es la villa aleda\u00f1a, declarada Villa de Inter\u00e9s Tur\u00edstico en 1962 y Conjunto Hist\u00f3rico-Art\u00edstico en 1993. Toda la localidad como Conjunto Hist\u00f3rico desde el 24 de junio de 1993.<\/p>\n<p>Lugares de inter\u00e9s son:[\/vc_column_text][vc_row_inner el_class=&#8221;no-gutter&#8221;][vc_column_inner width=&#8221;1\/4&#8243; offset=&#8221;vc_col-lg-3 vc_col-md-6&#8243;]<div class=\"banner-container \" id=\"arp_banner-3092055533\"> \r\n\t<div class=\"banner-content banner-type-3  \r\n\t\ttext-center\t\t\t\t \r\n\t\t\" data-animation-delay=\"500\" data-animation=\"\">\r\n\t\t<div class=\"img-banner\">\r\n\t\t\t\t\t\t\t<img decoding=\"async\" src=\"https:\/\/www.orus.cloud\/lacasitadelherrador\/wp-content\/uploads\/2021\/06\/catedral-burgo-de-osma.jpg\" alt=\"img\">\r\n\t\t\t\t\t<\/div>\r\n\t\t<div class=\"banner-desc \" style =\"color: #ffffff\">\r\n\t\t\t\t\t\t\t\t\r\n\t\t\t\t\t\t\r\n\t\t\t\t\t\t\t<h3 style =\"color: #f5f5f5\">Catedral de Santa Mar\u00eda de la Asunci\u00f3n<\/h3>\r\n\t\t\t\t\r\n\t\t\t<div class=\"hide-content transition display-onhover animated animated_custom\">\t\t\t\r\n\t\t\t\t\r\n\t\t\t\t\r\n\t\t\t<\/div>\t\r\n\t\t\t\r\n\t\t<\/div>\r\n\t\t\t\t\t\t\r\n\t<\/div>\r\n<\/div>\n[\/vc_column_inner][vc_column_inner width=&#8221;1\/4&#8243; offset=&#8221;vc_col-lg-3 vc_col-md-6&#8243;]<div class=\"banner-container \" id=\"arp_banner-3478728956\"> \r\n\t<div class=\"banner-content banner-type-3  \r\n\t\ttext-center\t\t\t\t \r\n\t\t\" data-animation-delay=\"500\" data-animation=\"\">\r\n\t\t<div class=\"img-banner\">\r\n\t\t\t\t\t\t\t<img decoding=\"async\" src=\"https:\/\/www.orus.cloud\/lacasitadelherrador\/wp-content\/uploads\/2021\/06\/HOSPICIO.jpg\" alt=\"img\">\r\n\t\t\t\t\t<\/div>\r\n\t\t<div class=\"banner-desc \" style =\"color: #ffffff\">\r\n\t\t\t\t\t\t\t\t\r\n\t\t\t\t\t\t\r\n\t\t\t\t\t\t\t<h3 style =\"color: #f5f5f5\">Antiguo Hospital de San Agust\u00edn<\/h3>\r\n\t\t\t\t\r\n\t\t\t<div class=\"hide-content transition display-onhover animated animated_custom\">\t\t\t\r\n\t\t\t\t\r\n\t\t\t\t\r\n\t\t\t<\/div>\t\r\n\t\t\t\r\n\t\t<\/div>\r\n\t\t\t\t\t\t\r\n\t<\/div>\r\n<\/div>\n[\/vc_column_inner][vc_column_inner width=&#8221;1\/4&#8243; offset=&#8221;vc_col-lg-3 vc_col-md-6&#8243;]<div class=\"banner-container \" id=\"arp_banner-2076162793\"> \r\n\t<div class=\"banner-content banner-type-3  \r\n\t\ttext-center\t\t\t\t \r\n\t\t\" data-animation-delay=\"500\" data-animation=\"\">\r\n\t\t<div class=\"img-banner\">\r\n\t\t\t\t\t\t\t<img decoding=\"async\" src=\"https:\/\/www.orus.cloud\/lacasitadelherrador\/wp-content\/uploads\/2021\/06\/PLAZA-MAYOR-1.jpg\" alt=\"img\">\r\n\t\t\t\t\t<\/div>\r\n\t\t<div class=\"banner-desc \" style =\"color: #ffffff\">\r\n\t\t\t\t\t\t\t\t\r\n\t\t\t\t\t\t\r\n\t\t\t\t\t\t\t<h3 style =\"color: #f5f5f5\">Plaza Mayor<\/h3>\r\n\t\t\t\t\r\n\t\t\t<div class=\"hide-content transition display-onhover animated animated_custom\">\t\t\t\r\n\t\t\t\t\r\n\t\t\t\t\r\n\t\t\t<\/div>\t\r\n\t\t\t\r\n\t\t<\/div>\r\n\t\t\t\t\t\t\r\n\t<\/div>\r\n<\/div>\n[\/vc_column_inner][vc_column_inner width=&#8221;1\/4&#8243; offset=&#8221;vc_col-lg-3 vc_col-md-6&#8243;]<div class=\"banner-container \" id=\"arp_banner-535539743\"> \r\n\t<div class=\"banner-content banner-type-3  \r\n\t\ttext-center\t\t\t\t \r\n\t\t\" data-animation-delay=\"500\" data-animation=\"\">\r\n\t\t<div class=\"img-banner\">\r\n\t\t\t\t\t\t\t<img decoding=\"async\" src=\"https:\/\/www.orus.cloud\/lacasitadelherrador\/wp-content\/uploads\/2021\/06\/CALLE.jpg\" alt=\"img\">\r\n\t\t\t\t\t<\/div>\r\n\t\t<div class=\"banner-desc \" style =\"color: #ffffff\">\r\n\t\t\t\t\t\t\t\t\r\n\t\t\t\t\t\t\r\n\t\t\t\t\t\t\t<h3 style =\"color: #f5f5f5\">Calle Mayor y calles aleda\u00f1as<\/h3>\r\n\t\t\t\t\r\n\t\t\t<div class=\"hide-content transition display-onhover animated animated_custom\">\t\t\t\r\n\t\t\t\t\r\n\t\t\t\t\r\n\t\t\t<\/div>\t\r\n\t\t\t\r\n\t\t<\/div>\r\n\t\t\t\t\t\t\r\n\t<\/div>\r\n<\/div>\n[\/vc_column_inner][\/vc_row_inner][vc_row_inner el_class=&#8221;no-gutter&#8221;][vc_column_inner width=&#8221;1\/4&#8243; offset=&#8221;vc_col-lg-3 vc_col-md-6&#8243;]<div class=\"banner-container \" id=\"arp_banner-2604770382\"> \r\n\t<div class=\"banner-content banner-type-3  \r\n\t\ttext-center\t\t\t\t \r\n\t\t\" data-animation-delay=\"500\" data-animation=\"\">\r\n\t\t<div class=\"img-banner\">\r\n\t\t\t\t\t\t\t<img decoding=\"async\" src=\"https:\/\/www.orus.cloud\/lacasitadelherrador\/wp-content\/uploads\/2021\/06\/PALACIO.jpg\" alt=\"img\">\r\n\t\t\t\t\t<\/div>\r\n\t\t<div class=\"banner-desc \" style =\"color: #ffffff\">\r\n\t\t\t\t\t\t\t\t\r\n\t\t\t\t\t\t\r\n\t\t\t\t\t\t\t<h3 style =\"color: #f5f5f5\">Palacio Episcopal<\/h3>\r\n\t\t\t\t\r\n\t\t\t<div class=\"hide-content transition display-onhover animated animated_custom\">\t\t\t\r\n\t\t\t\t\r\n\t\t\t\t\r\n\t\t\t<\/div>\t\r\n\t\t\t\r\n\t\t<\/div>\r\n\t\t\t\t\t\t\r\n\t<\/div>\r\n<\/div>\n[\/vc_column_inner][vc_column_inner width=&#8221;1\/4&#8243; offset=&#8221;vc_col-lg-3 vc_col-md-6&#8243;]<div class=\"banner-container \" id=\"arp_banner-3777403669\"> \r\n\t<div class=\"banner-content banner-type-3  \r\n\t\ttext-center\t\t\t\t \r\n\t\t\" data-animation-delay=\"500\" data-animation=\"\">\r\n\t\t<div class=\"img-banner\">\r\n\t\t\t\t\t\t\t<img decoding=\"async\" src=\"https:\/\/www.orus.cloud\/lacasitadelherrador\/wp-content\/uploads\/2021\/06\/MURALLA.jpg\" alt=\"img\">\r\n\t\t\t\t\t<\/div>\r\n\t\t<div class=\"banner-desc \" style =\"color: #ffffff\">\r\n\t\t\t\t\t\t\t\t\r\n\t\t\t\t\t\t\r\n\t\t\t\t\t\t\t<h3 style =\"color: #f5f5f5\">Murallas<\/h3>\r\n\t\t\t\t\r\n\t\t\t<div class=\"hide-content transition display-onhover animated animated_custom\">\t\t\t\r\n\t\t\t\t\r\n\t\t\t\t\r\n\t\t\t<\/div>\t\r\n\t\t\t\r\n\t\t<\/div>\r\n\t\t\t\t\t\t\r\n\t<\/div>\r\n<\/div>\n[\/vc_column_inner][vc_column_inner width=&#8221;1\/4&#8243; offset=&#8221;vc_col-lg-3 vc_col-md-6&#8243;]<div class=\"banner-container \" id=\"arp_banner-2623479533\"> \r\n\t<div class=\"banner-content banner-type-3  \r\n\t\ttext-center\t\t\t\t \r\n\t\t\" data-animation-delay=\"500\" data-animation=\"\">\r\n\t\t<div class=\"img-banner\">\r\n\t\t\t\t\t\t\t<img decoding=\"async\" src=\"https:\/\/www.orus.cloud\/lacasitadelherrador\/wp-content\/uploads\/2021\/06\/ERMITA.jpg\" alt=\"img\">\r\n\t\t\t\t\t<\/div>\r\n\t\t<div class=\"banner-desc \" style =\"color: #ffffff\">\r\n\t\t\t\t\t\t\t\t\r\n\t\t\t\t\t\t\r\n\t\t\t\t\t\t\t<h3 style =\"color: #f5f5f5\">Ermita de las magdalenas<\/h3>\r\n\t\t\t\t\r\n\t\t\t<div class=\"hide-content transition display-onhover animated animated_custom\">\t\t\t\r\n\t\t\t\t\r\n\t\t\t\t\r\n\t\t\t<\/div>\t\r\n\t\t\t\r\n\t\t<\/div>\r\n\t\t\t\t\t\t\r\n\t<\/div>\r\n<\/div>\n[\/vc_column_inner][vc_column_inner width=&#8221;1\/4&#8243; offset=&#8221;vc_col-lg-3 vc_col-md-6&#8243;]<div class=\"banner-container \" id=\"arp_banner-78986670\"> \r\n\t<div class=\"banner-content banner-type-3  \r\n\t\ttext-center\t\t\t\t \r\n\t\t\" data-animation-delay=\"500\" data-animation=\"\">\r\n\t\t<div class=\"img-banner\">\r\n\t\t\t\t\t\t\t<img decoding=\"async\" src=\"https:\/\/www.orus.cloud\/lacasitadelherrador\/wp-content\/uploads\/2021\/06\/UNI.jpg\" alt=\"img\">\r\n\t\t\t\t\t<\/div>\r\n\t\t<div class=\"banner-desc \" style =\"color: #ffffff\">\r\n\t\t\t\t\t\t\t\t\r\n\t\t\t\t\t\t\r\n\t\t\t\t\t\t\t<h3 style =\"color: #f5f5f5\">Universidad de Santa Catalina<\/h3>\r\n\t\t\t\t\r\n\t\t\t<div class=\"hide-content transition display-onhover animated animated_custom\">\t\t\t\r\n\t\t\t\t\r\n\t\t\t\t\r\n\t\t\t<\/div>\t\r\n\t\t\t\r\n\t\t<\/div>\r\n\t\t\t\t\t\t\r\n\t<\/div>\r\n<\/div>\n[\/vc_column_inner][\/vc_row_inner][vc_row_inner el_class=&#8221;no-gutter&#8221;][vc_column_inner width=&#8221;1\/4&#8243; offset=&#8221;vc_col-lg-3 vc_col-md-6&#8243;]<div class=\"banner-container \" id=\"arp_banner-826238775\"> \r\n\t<div class=\"banner-content banner-type-3  \r\n\t\ttext-center\t\t\t\t \r\n\t\t\" data-animation-delay=\"500\" data-animation=\"\">\r\n\t\t<div class=\"img-banner\">\r\n\t\t\t\t\t\t\t<img decoding=\"async\" src=\"https:\/\/www.orus.cloud\/lacasitadelherrador\/wp-content\/uploads\/2021\/06\/CONVENTO.jpg\" alt=\"img\">\r\n\t\t\t\t\t<\/div>\r\n\t\t<div class=\"banner-desc \" style =\"color: #ffffff\">\r\n\t\t\t\t\t\t\t\t\r\n\t\t\t\t\t\t\r\n\t\t\t\t\t\t\t<h3 style =\"color: #f5f5f5\">Convento del Carmen<\/h3>\r\n\t\t\t\t\r\n\t\t\t<div class=\"hide-content transition display-onhover animated animated_custom\">\t\t\t\r\n\t\t\t\t\r\n\t\t\t\t\r\n\t\t\t<\/div>\t\r\n\t\t\t\r\n\t\t<\/div>\r\n\t\t\t\t\t\t\r\n\t<\/div>\r\n<\/div>\n[\/vc_column_inner][vc_column_inner width=&#8221;1\/4&#8243; offset=&#8221;vc_col-lg-3 vc_col-md-6&#8243;]<div class=\"banner-container \" id=\"arp_banner-4189106027\"> \r\n\t<div class=\"banner-content banner-type-3  \r\n\t\ttext-center\t\t\t\t \r\n\t\t\" data-animation-delay=\"500\" data-animation=\"\">\r\n\t\t<div class=\"img-banner\">\r\n\t\t\t\t\t\t\t<img decoding=\"async\" src=\"https:\/\/www.orus.cloud\/lacasitadelherrador\/wp-content\/uploads\/2021\/06\/PLAZATOROS.jpg\" alt=\"img\">\r\n\t\t\t\t\t<\/div>\r\n\t\t<div class=\"banner-desc \" style =\"color: #ffffff\">\r\n\t\t\t\t\t\t\t\t\r\n\t\t\t\t\t\t\r\n\t\t\t\t\t\t\t<h3 style =\"color: #f5f5f5\">Plaza de toros<\/h3>\r\n\t\t\t\t\r\n\t\t\t<div class=\"hide-content transition display-onhover animated animated_custom\">\t\t\t\r\n\t\t\t\t\r\n\t\t\t\t\r\n\t\t\t<\/div>\t\r\n\t\t\t\r\n\t\t<\/div>\r\n\t\t\t\t\t\t\r\n\t<\/div>\r\n<\/div>\n[\/vc_column_inner][vc_column_inner width=&#8221;1\/4&#8243; offset=&#8221;vc_col-lg-3 vc_col-md-6&#8243;]<div class=\"banner-container \" id=\"arp_banner-3266634630\"> \r\n\t<div class=\"banner-content banner-type-3  \r\n\t\ttext-center\t\t\t\t \r\n\t\t\" data-animation-delay=\"500\" data-animation=\"\">\r\n\t\t<div class=\"img-banner\">\r\n\t\t\t\t\t\t\t<img decoding=\"async\" src=\"https:\/\/www.orus.cloud\/lacasitadelherrador\/wp-content\/uploads\/2021\/06\/SEMINARIO.jpg\" alt=\"img\">\r\n\t\t\t\t\t<\/div>\r\n\t\t<div class=\"banner-desc \" style =\"color: #ffffff\">\r\n\t\t\t\t\t\t\t\t\r\n\t\t\t\t\t\t\r\n\t\t\t\t\t\t\t<h3 style =\"color: #f5f5f5\">Seminario de Santo Domingo de Guzm\u00e1n<\/h3>\r\n\t\t\t\t\r\n\t\t\t<div class=\"hide-content transition display-onhover animated animated_custom\">\t\t\t\r\n\t\t\t\t\r\n\t\t\t\t\r\n\t\t\t<\/div>\t\r\n\t\t\t\r\n\t\t<\/div>\r\n\t\t\t\t\t\t\r\n\t<\/div>\r\n<\/div>\n[\/vc_column_inner][vc_column_inner width=&#8221;1\/4&#8243; offset=&#8221;vc_col-lg-3 vc_col-md-6&#8243;]<div class=\"banner-container \" id=\"arp_banner-1702695022\"> \r\n\t<div class=\"banner-content banner-type-3  \r\n\t\ttext-center\t\t\t\t \r\n\t\t\" data-animation-delay=\"500\" data-animation=\"\">\r\n\t\t<div class=\"img-banner\">\r\n\t\t\t\t\t\t\t<img decoding=\"async\" src=\"https:\/\/www.orus.cloud\/lacasitadelherrador\/wp-content\/uploads\/2021\/06\/HOSPISCIO.jpg\" alt=\"img\">\r\n\t\t\t\t\t<\/div>\r\n\t\t<div class=\"banner-desc \" style =\"color: #ffffff\">\r\n\t\t\t\t\t\t\t\t\r\n\t\t\t\t\t\t\r\n\t\t\t\t\t\t\t<h3 style =\"color: #f5f5f5\">Hospicio<\/h3>\r\n\t\t\t\t\r\n\t\t\t<div class=\"hide-content transition display-onhover animated animated_custom\">\t\t\t\r\n\t\t\t\t\r\n\t\t\t\t\r\n\t\t\t<\/div>\t\r\n\t\t\t\r\n\t\t<\/div>\r\n\t\t\t\t\t\t\r\n\t<\/div>\r\n<\/div>\n[\/vc_column_inner][\/vc_row_inner][vc_row_inner el_class=&#8221;no-gutter&#8221;][vc_column_inner width=&#8221;1\/4&#8243; offset=&#8221;vc_col-lg-3 vc_col-md-6&#8243;]<div class=\"banner-container \" id=\"arp_banner-2827847989\"> \r\n\t<div class=\"banner-content banner-type-3  \r\n\t\ttext-center\t\t\t\t \r\n\t\t\" data-animation-delay=\"500\" data-animation=\"\">\r\n\t\t<div class=\"img-banner\">\r\n\t\t\t\t\t\t\t<img decoding=\"async\" src=\"https:\/\/www.orus.cloud\/lacasitadelherrador\/wp-content\/uploads\/2021\/06\/CASTILLO.jpg\" alt=\"img\">\r\n\t\t\t\t\t<\/div>\r\n\t\t<div class=\"banner-desc \" style =\"color: #ffffff\">\r\n\t\t\t\t\t\t\t\t\r\n\t\t\t\t\t\t\r\n\t\t\t\t\t\t\t<h3 style =\"color: #f5f5f5\">Castillo de Osma<\/h3>\r\n\t\t\t\t\r\n\t\t\t<div class=\"hide-content transition display-onhover animated animated_custom\">\t\t\t\r\n\t\t\t\t\r\n\t\t\t\t\r\n\t\t\t<\/div>\t\r\n\t\t\t\r\n\t\t<\/div>\r\n\t\t\t\t\t\t\r\n\t<\/div>\r\n<\/div>\n[\/vc_column_inner][vc_column_inner width=&#8221;1\/4&#8243; offset=&#8221;vc_col-lg-3 vc_col-md-6&#8243;]<div class=\"banner-container \" id=\"arp_banner-863332800\"> \r\n\t<div class=\"banner-content banner-type-3  \r\n\t\ttext-center\t\t\t\t \r\n\t\t\" data-animation-delay=\"500\" data-animation=\"\">\r\n\t\t<div class=\"img-banner\">\r\n\t\t\t\t\t\t\t<img decoding=\"async\" src=\"https:\/\/www.orus.cloud\/lacasitadelherrador\/wp-content\/uploads\/2021\/06\/UXAMA.jpg\" alt=\"img\">\r\n\t\t\t\t\t<\/div>\r\n\t\t<div class=\"banner-desc \" style =\"color: #ffffff\">\r\n\t\t\t\t\t\t\t\t\r\n\t\t\t\t\t\t\r\n\t\t\t\t\t\t\t<h3 style =\"color: #f5f5f5\">Yacimiento arqueol\u00f3gico de Uxama Argaela<\/h3>\r\n\t\t\t\t\r\n\t\t\t<div class=\"hide-content transition display-onhover animated animated_custom\">\t\t\t\r\n\t\t\t\t\r\n\t\t\t\t\r\n\t\t\t<\/div>\t\r\n\t\t\t\r\n\t\t<\/div>\r\n\t\t\t\t\t\t\r\n\t<\/div>\r\n<\/div>\n[\/vc_column_inner][vc_column_inner width=&#8221;1\/4&#8243; offset=&#8221;vc_col-lg-3 vc_col-md-6&#8243;]<div class=\"banner-container \" id=\"arp_banner-469056593\"> \r\n\t<div class=\"banner-content banner-type-3  \r\n\t\ttext-center\t\t\t\t \r\n\t\t\" data-animation-delay=\"500\" data-animation=\"\">\r\n\t\t<div class=\"img-banner\">\r\n\t\t\t\t\t\t\t<img decoding=\"async\" src=\"https:\/\/www.orus.cloud\/lacasitadelherrador\/wp-content\/uploads\/2021\/06\/ATALAYA.jpg\" alt=\"img\">\r\n\t\t\t\t\t<\/div>\r\n\t\t<div class=\"banner-desc \" style =\"color: #ffffff\">\r\n\t\t\t\t\t\t\t\t\r\n\t\t\t\t\t\t\r\n\t\t\t\t\t\t\t<h3 style =\"color: #f5f5f5\">Atalayas<\/h3>\r\n\t\t\t\t\r\n\t\t\t<div class=\"hide-content transition display-onhover animated animated_custom\">\t\t\t\r\n\t\t\t\t\r\n\t\t\t\t\r\n\t\t\t<\/div>\t\r\n\t\t\t\r\n\t\t<\/div>\r\n\t\t\t\t\t\t\r\n\t<\/div>\r\n<\/div>\n[\/vc_column_inner][vc_column_inner width=&#8221;1\/4&#8243; offset=&#8221;vc_col-lg-3 vc_col-md-6&#8243;]<div class=\"banner-container \" id=\"arp_banner-1233956483\"> \r\n\t<div class=\"banner-content banner-type-3  \r\n\t\ttext-center\t\t\t\t \r\n\t\t\" data-animation-delay=\"500\" data-animation=\"\">\r\n\t\t<div class=\"img-banner\">\r\n\t\t\t\t\t\t\t<img decoding=\"async\" src=\"https:\/\/www.orus.cloud\/lacasitadelherrador\/wp-content\/uploads\/2021\/06\/CAMINO.jpg\" alt=\"img\">\r\n\t\t\t\t\t<\/div>\r\n\t\t<div class=\"banner-desc \" style =\"color: #ffffff\">\r\n\t\t\t\t\t\t\t\t\r\n\t\t\t\t\t\t\r\n\t\t\t\t\t\t\t<h3 style =\"color: #f5f5f5\">Camino del Cid<\/h3>\r\n\t\t\t\t\r\n\t\t\t<div class=\"hide-content transition display-onhover animated animated_custom\">\t\t\t\r\n\t\t\t\t\r\n\t\t\t\t\r\n\t\t\t<\/div>\t\r\n\t\t\t\r\n\t\t<\/div>\r\n\t\t\t\t\t\t\r\n\t<\/div>\r\n<\/div>\n[\/vc_column_inner][\/vc_row_inner]\t\t<\/div><\/div>[\/vc_column][\/vc_row][vc_row][vc_column]<div class=\"ult-animation  ult-animate-viewport  ult-no-mobile \" data-animate=\"flipInX\" data-animation-delay=\"0.3\" data-animation-duration=\"1\" data-animation-iteration=\"1\" style=\"opacity:0;\" data-opacity_start_effect=\"100\">[vc_empty_space]<div id=\"ultimate-heading-310169ee1f6e8d685\" class=\"uvc-heading ult-adjust-bottom-margin ultimate-heading-310169ee1f6e8d685 uvc-364 \" data-hspacer=\"image_only\"  data-halign=\"center\" style=\"text-align:center\"><div class=\"uvc-heading-spacer image_only\" style=\"margin-bottom:10px;\"><img decoding=\"async\" src=\"https:\/\/www.orus.cloud\/lacasitadelherrador\/wp-content\/uploads\/2021\/06\/herradura.png\" class=\"ultimate-headings-icon-image\" alt=\"null\" style=\"width:48px\"\/><\/div><div class=\"uvc-main-heading ult-responsive\"  data-ultimate-target='.uvc-heading.ultimate-heading-310169ee1f6e8d685 h2'  data-responsive-json-new='{\"font-size\":\"desktop:25px;\",\"line-height\":\"\"}' ><h2 style=\"font-family:&#039;Poppins&#039;;font-weight:600;color:#3d3935;\">OTROS LUGARES CERCANOS<\/h2><\/div><\/div><\/div><div class=\"ult-content-box-container text_about\" >\t\t<div class=\"ult-content-box\" style=\"box-shadow: px px px px rgb(247, 247, 247) none;padding-top:16px;margin-top:0px;margin-right:204px;margin-bottom:0px;margin-left:204px;-webkit-transition: all 700ms ease;-moz-transition: all 700ms ease;-ms-transition: all 700ms ease;-o-transition: all 700ms ease;transition: all 700ms ease;\"  data-hover_box_shadow=\"none\"   data-responsive_margins=\"margin-top:0px;margin-right:15px;margin-bottom:0px;margin-left:15px;\"   data-normal_margins=\"margin-top:0px;margin-right:204px;margin-bottom:0px;margin-left:204px;\"  >[vc_column_text]Los alrededores del burgo de Osma contemplan parajes \u00fanicos y lugares de ensue\u00f1o, aun as\u00ed la provincia de Soria es extensa y los lugares que visitar infinitos, te dejamos los m\u00e1s visitados:[\/vc_column_text]\t\t<\/div><\/div>[\/vc_column][\/vc_row][vc_row el_class=&#8221;city-villa&#8221;][vc_column el_class=&#8221;no-gutter-top&#8221;][vc_row_inner el_class=&#8221;no-gutter&#8221;][vc_column_inner width=&#8221;1\/2&#8243; offset=&#8221;vc_col-lg-3 vc_col-md-6&#8243;]<div class=\"banner-container \" id=\"arp_banner-3884852242\"> \r\n\t<div class=\"banner-content banner-type-3  \r\n\t\ttext-center\t\t\t\t \r\n\t\t\" data-animation-delay=\"500\" data-animation=\"\">\r\n\t\t<div class=\"img-banner\">\r\n\t\t\t\t\t\t\t<img decoding=\"async\" src=\"https:\/\/www.orus.cloud\/lacasitadelherrador\/wp-content\/uploads\/2021\/06\/ct.jpg\" alt=\"img\">\r\n\t\t\t\t\t<\/div>\r\n\t\t<div class=\"banner-desc \" style =\"color: #ffffff\">\r\n\t\t\t\t\t\t\t\t\t\t\t\t<img decoding=\"async\" src=\"https:\/\/www.orus.cloud\/lacasitadelherrador\/wp-content\/uploads\/2021\/06\/hbmini.png\" alt=\"img\">\r\n\t\t\t\t\t\r\n\t\t\t\t\t\t\r\n\t\t\t\t\t\t\t<h3 style =\"color: #f5f5f5\">Calata\u00f1azor<\/h3>\r\n\t\t\t\t\r\n\t\t\t<div class=\"hide-content transition display-onhover animated animated_custom\">\t\t\t\r\n\t\t\t\t\r\n\t\t\t<p>Viaja al pasado a\u00f1o 1000, uno de los pueblos m\u00e1s bonitos de Espa\u00f1a, congelado en la edad media, donde se han rodado series y pel\u00edculas por su inigualable estado de conservaci\u00f3n.<\/p>\n\t\r\n\t\t\t<\/div>\t\r\n\t\t\t\r\n\t\t<\/div>\r\n\t\t\t\t\t\t\r\n\t<\/div>\r\n<\/div>\n[\/vc_column_inner][vc_column_inner width=&#8221;1\/2&#8243; offset=&#8221;vc_col-lg-3 vc_col-md-6&#8243;]<div class=\"banner-container \" id=\"arp_banner-1205443230\"> \r\n\t<div class=\"banner-content banner-type-3  \r\n\t\ttext-center\t\t\t\t \r\n\t\t\" data-animation-delay=\"500\" data-animation=\"\">\r\n\t\t<div class=\"img-banner\">\r\n\t\t\t\t\t\t\t<img decoding=\"async\" src=\"https:\/\/www.orus.cloud\/lacasitadelherrador\/wp-content\/uploads\/2021\/06\/ln.jpg\" alt=\"img\">\r\n\t\t\t\t\t<\/div>\r\n\t\t<div class=\"banner-desc \" style =\"color: #ffffff\">\r\n\t\t\t\t\t\t\t\t\t\t\t\t<img decoding=\"async\" src=\"https:\/\/www.orus.cloud\/lacasitadelherrador\/wp-content\/uploads\/2021\/06\/hbmini.png\" alt=\"img\">\r\n\t\t\t\t\t\r\n\t\t\t\t\t\t\r\n\t\t\t\t\t\t\t<h3 style =\"color: #f5f5f5\">La laguna Negra<\/h3>\r\n\t\t\t\t\r\n\t\t\t<div class=\"hide-content transition display-onhover animated animated_custom\">\t\t\t\r\n\t\t\t\t\r\n\t\t\t<p>Origen de multitud de leyendas, dio el nombre a la m\u00edtica serie &#8220;el internado&#8221;, es una laguna de origen glacial situada a los pies de la sierra de urbi\u00f3n, un paraje que no puedes perderte.<\/p>\n\t\r\n\t\t\t<\/div>\t\r\n\t\t\t\r\n\t\t<\/div>\r\n\t\t\t\t\t\t\r\n\t<\/div>\r\n<\/div>\n[\/vc_column_inner][vc_column_inner width=&#8221;1\/2&#8243; offset=&#8221;vc_col-lg-3 vc_col-md-6&#8243;]<div class=\"banner-container \" id=\"arp_banner-2864842058\"> \r\n\t<div class=\"banner-content banner-type-3  \r\n\t\ttext-center\t\t\t\t \r\n\t\t\" data-animation-delay=\"500\" data-animation=\"\">\r\n\t\t<div class=\"img-banner\">\r\n\t\t\t\t\t\t\t<img decoding=\"async\" src=\"https:\/\/www.orus.cloud\/lacasitadelherrador\/wp-content\/uploads\/2021\/06\/lf.jpg\" alt=\"img\">\r\n\t\t\t\t\t<\/div>\r\n\t\t<div class=\"banner-desc \" style =\"color: #ffffff\">\r\n\t\t\t\t\t\t\t\t\t\t\t\t<img decoding=\"async\" src=\"https:\/\/www.orus.cloud\/lacasitadelherrador\/wp-content\/uploads\/2021\/06\/hbmini.png\" alt=\"img\">\r\n\t\t\t\t\t\r\n\t\t\t\t\t\t\r\n\t\t\t\t\t\t\t<h3 style =\"color: #f5f5f5\">La Fuentona<\/h3>\r\n\t\t\t\t\r\n\t\t\t<div class=\"hide-content transition display-onhover animated animated_custom\">\t\t\t\r\n\t\t\t\t\r\n\t\t\t<p>La Fuentona es una paraje natural, donde podemos encontrar una bonita ruta de senderismo una cascada y un sif\u00f3n que da nombre al paraje. El programa &#8220;<span>Al filo de lo imposible&#8221; se adentro en su entra\u00f1as y no llego a dar con el final de este&#8230;<\/span><\/p>\n\t\r\n\t\t\t<\/div>\t\r\n\t\t\t\r\n\t\t<\/div>\r\n\t\t\t\t\t\t\r\n\t<\/div>\r\n<\/div>\n[\/vc_column_inner][vc_column_inner width=&#8221;1\/2&#8243; offset=&#8221;vc_col-lg-3 vc_col-md-6&#8243;]<div class=\"banner-container \" id=\"arp_banner-488506258\"> \r\n\t<div class=\"banner-content banner-type-3  \r\n\t\ttext-center\t\t\t\t \r\n\t\t\" data-animation-delay=\"500\" data-animation=\"\">\r\n\t\t<div class=\"img-banner\">\r\n\t\t\t\t\t\t\t<img decoding=\"async\" src=\"https:\/\/www.orus.cloud\/lacasitadelherrador\/wp-content\/uploads\/2021\/06\/ab.jpg\" alt=\"img\">\r\n\t\t\t\t\t<\/div>\r\n\t\t<div class=\"banner-desc \" style =\"color: #ffffff\">\r\n\t\t\t\t\t\t\t\t\t\t\t\t<img decoding=\"async\" src=\"https:\/\/www.orus.cloud\/lacasitadelherrador\/wp-content\/uploads\/2021\/06\/hbmini.png\" alt=\"img\">\r\n\t\t\t\t\t\r\n\t\t\t\t\t\t\r\n\t\t\t\t\t\t\t<h3 style =\"color: #f5f5f5\">Ca\u00f1\u00f3n del rio Lobos<\/h3>\r\n\t\t\t\t\r\n\t\t\t<div class=\"hide-content transition display-onhover animated animated_custom\">\t\t\t\r\n\t\t\t\t\r\n\t\t\t<p>Un paisaje id\u00edlico sacado de un cuento de hadas, en su coraz\u00f3n cerca de una gran cueva podemos ver la ermita de San Bartolom\u00e9 de origen templario, situada en un punto estrat\u00e9gico y un gran misterio que la rodea&#8230;<\/p>\n\t\r\n\t\t\t<\/div>\t\r\n\t\t\t\r\n\t\t<\/div>\r\n\t\t\t\t\t\t\r\n\t<\/div>\r\n<\/div>\n[\/vc_column_inner][\/vc_row_inner][\/vc_column][\/vc_row]<\/p>\n","protected":false},"excerpt":{"rendered":"<p>[vc_row][vc_column][\/vc_column][\/vc_row][vc_row][vc_column][\/vc_column][\/vc_row][vc_row el_class=&#8221;city-villa&#8221;][vc_column el_class=&#8221;no-gutter-top&#8221;][vc_row_inner el_class=&#8221;no-gutter&#8221;][vc_column_inner width=&#8221;1\/2&#8243; offset=&#8221;vc_col-lg-3 vc_col-md-6&#8243;][\/vc_column_inner][vc_column_inner width=&#8221;1\/2&#8243; offset=&#8221;vc_col-lg-3 vc_col-md-6&#8243;][\/vc_column_inner][vc_column_inner width=&#8221;1\/2&#8243; offset=&#8221;vc_col-lg-3 vc_col-md-6&#8243;][\/vc_column_inner][vc_column_inner width=&#8221;1\/2&#8243; offset=&#8221;vc_col-lg-3 vc_col-md-6&#8243;][\/vc_column_inner][\/vc_row_inner][\/vc_column][\/vc_row]<\/p>\n","protected":false},"author":1,"featured_media":0,"parent":0,"menu_order":0,"comment_status":"closed","ping_status":"closed","template":"","meta":{"footnotes":""},"class_list":["post-1236","page","type-page","status-publish","hentry"],"_links":{"self":[{"href":"https:\/\/www.orus.cloud\/lacasitadelherrador\/index.php?rest_route=\/wp\/v2\/pages\/1236","targetHints":{"allow":["GET"]}}],"collection":[{"href":"https:\/\/www.orus.cloud\/lacasitadelherrador\/index.php?rest_route=\/wp\/v2\/pages"}],"about":[{"href":"https:\/\/www.orus.cloud\/lacasitadelherrador\/index.php?rest_route=\/wp\/v2\/types\/page"}],"author":[{"embeddable":true,"href":"https:\/\/www.orus.cloud\/lacasitadelherrador\/index.php?rest_route=\/wp\/v2\/users\/1"}],"replies":[{"embeddable":true,"href":"https:\/\/www.orus.cloud\/lacasitadelherrador\/index.php?rest_route=%2Fwp%2Fv2%2Fcomments&post=1236"}],"version-history":[{"count":16,"href":"https:\/\/www.orus.cloud\/lacasitadelherrador\/index.php?rest_route=\/wp\/v2\/pages\/1236\/revisions"}],"predecessor-version":[{"id":1275,"href":"https:\/\/www.orus.cloud\/lacasitadelherrador\/index.php?rest_route=\/wp\/v2\/pages\/1236\/revisions\/1275"}],"wp:attachment":[{"href":"https:\/\/www.orus.cloud\/lacasitadelherrador\/index.php?rest_route=%2Fwp%2Fv2%2Fmedia&parent=1236"}],"curies":[{"name":"wp","href":"https:\/\/api.w.org\/{rel}","templated":true}]}}