{"id":947,"date":"2016-12-17T10:28:27","date_gmt":"2016-12-17T10:28:27","guid":{"rendered":"http:\/\/hn.arrowpress.net\/solaz\/?page_id=844"},"modified":"2021-07-13T16:49:45","modified_gmt":"2021-07-13T16:49:45","slug":"reservar","status":"publish","type":"page","link":"https:\/\/www.orus.cloud\/lacasitadelherrador\/?page_id=947","title":{"rendered":"Reservar"},"content":{"rendered":"<p>[vc_row][vc_column]<div id=\"ultimate-heading-872569ee1f64597f9\" class=\"uvc-heading ult-adjust-bottom-margin ultimate-heading-872569ee1f64597f9 uvc-4587 \" data-hspacer=\"image_only\"  data-halign=\"center\" style=\"text-align:center\"><div class=\"uvc-heading-spacer image_only\" style=\"top\"><img decoding=\"async\" src=\"https:\/\/www.orus.cloud\/lacasitadelherrador\/wp-content\/uploads\/2021\/06\/herradura.png\" class=\"ultimate-headings-icon-image\" alt=\"null\" style=\"width:48px\"\/><\/div><div class=\"uvc-main-heading ult-responsive\"  data-ultimate-target='.uvc-heading.ultimate-heading-872569ee1f64597f9 h1'  data-responsive-json-new='{\"font-size\":\"\",\"line-height\":\"\"}' ><h1 style=\"font-weight:normal;\">La casa se alquila completa y cuenta con capacidad para 4 personas.<\/h1><\/div><\/div><div class=\"ult-spacer spacer-69ee1f645987b\" data-id=\"69ee1f645987b\" data-height=\"45\" data-height-mobile=\"0\" data-height-tab=\"0\" data-height-tab-portrait=\"0\" data-height-mobile-landscape=\"0\" style=\"clear:both;display:block;\"><\/div>[\/vc_column][\/vc_row][vc_row wrap_container=&#8221;yes&#8221; equal_height=&#8221;yes&#8221; el_class=&#8221;room_search_4 main-bg_color&#8221;][vc_column offset=&#8221;vc_col-lg-4 vc_col-md-12&#8243;]<div class=\"ult-content-box-container \" >\t\t<div class=\"ult-content-box\" style=\"box-shadow: px px px px #f7f7f7 none;margin-right:34px;-webkit-transition: all 700ms ease;-moz-transition: all 700ms ease;-ms-transition: all 700ms ease;-o-transition: all 700ms ease;transition: all 700ms ease;\"  data-hover_box_shadow=\"none\"   data-responsive_margins=\"margin-top:0px;margin-right:15px;\"   data-normal_margins=\"margin-right:34px;\"  ><div class=\"ult-spacer spacer-69ee1f6459a31\" data-id=\"69ee1f6459a31\" data-height=\"163\" data-height-mobile=\"40\" data-height-tab=\"\" data-height-tab-portrait=\"40\" data-height-mobile-landscape=\"40\" style=\"clear:both;display:block;\"><\/div><div id=\"ultimate-heading-329669ee1f6459e3b\" class=\"uvc-heading ult-adjust-bottom-margin ultimate-heading-329669ee1f6459e3b uvc-6656 letter_spacing_06 solaz_heading_left\" data-hspacer=\"image_only\"  data-halign=\"left\" style=\"text-align:left\"><div class=\"uvc-heading-spacer image_only\" style=\"top\"><img decoding=\"async\" src=\"https:\/\/www.orus.cloud\/lacasitadelherrador\/wp-content\/uploads\/2021\/06\/hbmini.png\" class=\"ultimate-headings-icon-image\" alt=\"null\" style=\"width:48px\"\/><\/div><div class=\"uvc-main-heading ult-responsive\"  data-ultimate-target='.uvc-heading.ultimate-heading-329669ee1f6459e3b h2'  data-responsive-json-new='{\"font-size\":\"desktop:31px;\",\"line-height\":\"\"}' ><h2 style=\"font-family:&#039;Poppins&#039;;font-weight:600;color:#ffffff;margin-top:6px;\">TU RESERVA<\/h2><\/div><\/div><div id=\"ultimate-heading-564269ee1f6459ef1\" class=\"uvc-heading ult-adjust-bottom-margin ultimate-heading-564269ee1f6459ef1 uvc-7927 \" data-hspacer=\"no_spacer\"  data-halign=\"left\" style=\"text-align:left\"><div class=\"uvc-heading-spacer no_spacer\" style=\"top\"><\/div><div class=\"uvc-sub-heading ult-responsive\"  data-ultimate-target='.uvc-heading.ultimate-heading-564269ee1f6459ef1 .uvc-sub-heading '  data-responsive-json-new='{\"font-size\":\"\",\"line-height\":\"desktop:18px;\"}'  style=\"font-family:&#039;Poppins&#039;;font-weight:normal;color:#e5e5e5;\">Realiza tu reserva en el formulario o por tel\u00e9fono <a href=\"callto:34616376405\">(+34) 616 37 64 05<\/a><\/div><\/div>\t\t<\/div><\/div>[\/vc_column][vc_column offset=&#8221;vc_col-lg-8 vc_col-md-12&#8243;]<div class=\"ult-spacer spacer-69ee1f6459f7b\" data-id=\"69ee1f6459f7b\" data-height=\"72\" data-height-mobile=\"25\" data-height-tab=\"\" data-height-tab-portrait=\"25\" data-height-mobile-landscape=\"25\" style=\"clear:both;display:block;\"><\/div><div role=\"form\" class=\"wpcf7\" id=\"wpcf7-f1048-o1\" lang=\"es-ES\" dir=\"ltr\">\n<div class=\"screen-reader-response\"><p role=\"status\" aria-live=\"polite\" aria-atomic=\"true\"><\/p> <ul><\/ul><\/div>\n<form action=\"\/lacasitadelherrador\/index.php?rest_route=%2Fwp%2Fv2%2Fpages%2F947#wpcf7-f1048-o1\" method=\"post\" class=\"wpcf7-form init\" novalidate=\"novalidate\" data-status=\"init\">\n<div style=\"display: none;\">\n<input type=\"hidden\" name=\"_wpcf7\" value=\"1048\" \/>\n<input type=\"hidden\" name=\"_wpcf7_version\" value=\"5.6.1\" \/>\n<input type=\"hidden\" name=\"_wpcf7_locale\" value=\"es_ES\" \/>\n<input type=\"hidden\" name=\"_wpcf7_unit_tag\" value=\"wpcf7-f1048-o1\" \/>\n<input type=\"hidden\" name=\"_wpcf7_container_post\" value=\"0\" \/>\n<input type=\"hidden\" name=\"_wpcf7_posted_data_hash\" value=\"\" \/>\n<\/div>\n<div class=\"one-half\">\n<label style=\"color:white\"> Fecha de llegada <span class=\"wpcf7-form-control-wrap\" data-name=\"date-in\"><input type=\"date\" name=\"date-in\" value=\"\" class=\"wpcf7-form-control wpcf7-date wpcf7-validates-as-required wpcf7-validates-as-date\" aria-required=\"true\" aria-invalid=\"false\" \/><\/span><\/label><\/div>\n<div class=\"one-half last\">\n<label style=\"color:white\"> Fecha de salida <span class=\"wpcf7-form-control-wrap\" data-name=\"date-out\"><input type=\"date\" name=\"date-out\" value=\"\" class=\"wpcf7-form-control wpcf7-date wpcf7-validates-as-required wpcf7-validates-as-date\" aria-required=\"true\" aria-invalid=\"false\" \/><\/span> <\/label> <\/div>\n<div class=\"one-half\">\n<span class=\"wpcf7-form-control-wrap\" data-name=\"your-name\"><input type=\"text\" name=\"your-name\" value=\"\" size=\"40\" class=\"wpcf7-form-control wpcf7-text wpcf7-validates-as-required\" aria-required=\"true\" aria-invalid=\"false\" placeholder=\"Nombre y Apellidos\" \/><\/span> <\/div>\n<div class=\"one-half last\">\n <span class=\"wpcf7-form-control-wrap\" data-name=\"tel-153\"><input type=\"tel\" name=\"tel-153\" value=\"\" size=\"40\" class=\"wpcf7-form-control wpcf7-text wpcf7-tel wpcf7-validates-as-required wpcf7-validates-as-tel\" aria-required=\"true\" aria-invalid=\"false\" placeholder=\"Tu tel\u00e9fono\" \/><\/span> <\/div>\n<p><input type=\"submit\" value=\"Enviar\" class=\"wpcf7-form-control has-spinner wpcf7-submit\" \/><\/p>\n<div class=\"wpcf7-response-output\" aria-hidden=\"true\"><\/div><\/form><\/div><div class=\"ult-spacer spacer-69ee1f645af0c\" data-id=\"69ee1f645af0c\" data-height=\"17\" data-height-mobile=\"17\" data-height-tab=\"17\" data-height-tab-portrait=\"\" data-height-mobile-landscape=\"\" style=\"clear:both;display:block;\"><\/div>[\/vc_column][\/vc_row][vc_row][vc_column][vc_column_text css=&#8221;.vc_custom_1624813056487{margin-top: 0px !important;margin-bottom: 0px !important;padding-top: 0px !important;padding-bottom: 0px !important;}&#8221;]<\/p>\n<div class=\"textbg-abs\">Reservar<\/div>\n<p>[\/vc_column_text]<div class=\"ult-spacer spacer-69ee1f645af29\" data-id=\"69ee1f645af29\" data-height=\"27\" data-height-mobile=\"0\" data-height-tab=\"0\" data-height-tab-portrait=\"0\" data-height-mobile-landscape=\"0\" style=\"clear:both;display:block;\"><\/div><div class=\"arrowpress-container container \"><div id=\"ultimate-heading-495969ee1f645c5ec\" class=\"uvc-heading ult-adjust-bottom-margin ultimate-heading-495969ee1f645c5ec uvc-1800 \" data-hspacer=\"image_only\"  data-halign=\"center\" style=\"text-align:center\"><div class=\"uvc-heading-spacer image_only\" style=\"top\"><img decoding=\"async\" src=\"https:\/\/www.orus.cloud\/lacasitadelherrador\/wp-content\/uploads\/2021\/06\/herradura.png\" class=\"ultimate-headings-icon-image\" alt=\"null\" style=\"width:48px\"\/><\/div><div class=\"uvc-main-heading ult-responsive\"  data-ultimate-target='.uvc-heading.ultimate-heading-495969ee1f645c5ec h2'  data-responsive-json-new='{\"font-size\":\"desktop:24px;\",\"line-height\":\"\"}' ><h2 style=\"font-family:&#039;Poppins&#039;;font-weight:600;color:#222222;\">PRECIOS<\/h2><\/div><\/div><div class=\"ult-spacer spacer-69ee1f645c66a\" data-id=\"69ee1f645c66a\" data-height=\"32\" data-height-mobile=\"0\" data-height-tab=\"0\" data-height-tab-portrait=\"0\" data-height-mobile-landscape=\"0\" style=\"clear:both;display:block;\"><\/div>[vc_message]M\u00ednimo 2 noches de pernoctaci\u00f3n.<\/p>\n<p>Noches sueltas (1 noche) preguntar disponibilidad y precio.[\/vc_message][vc_row_inner][vc_column_inner width=&#8221;1\/4&#8243;][vc_column_text]<\/p>\n<ul>\n<li>\u00a0Por\u00a0D\u00eda<\/li>\n<\/ul>\n<p>Temporada baja: 77 \u20ac<br \/>\nTemporada alta: 88 \u20ac[\/vc_column_text][\/vc_column_inner][vc_column_inner width=&#8221;1\/4&#8243;][vc_column_text]<\/p>\n<ul>\n<li>Por Fin de Semana (2 noches)<\/li>\n<\/ul>\n<p>Temporada baja: 198\u20ac<br \/>\nTemporada alta: 220 \u20ac[\/vc_column_text][\/vc_column_inner][vc_column_inner width=&#8221;1\/4&#8243;][vc_column_text]<\/p>\n<ul>\n<li>Por Semana (6 noches)<\/li>\n<\/ul>\n<p>Temporada baja: 374 \u20ac<br \/>\nTemporada alta: 407 \u20ac[\/vc_column_text][\/vc_column_inner][vc_column_inner width=&#8221;1\/4&#8243;][vc_column_text]<\/p>\n<ul>\n<li>Por Quincena (14 noches)<\/li>\n<\/ul>\n<p>Temporada baja: 627 \u20ac<br \/>\nTemporada alta: 682 \u20ac[\/vc_column_text][\/vc_column_inner][\/vc_row_inner][vc_column_text]\u2013 Temporada alta: puentes nacionales,\u00a0desde el fin de semana antes de Semana Santa y toda esa semana incluida, julio, \u00a0agosto y hasta el 15 de septiembre.<\/p>\n<p>\u2013 Temporada baja: resto del a\u00f1o.<\/p>\n<p>Ante cualquier duda llame al tel\u00e9fono + 34 616 37 64 05 \u00f3 escr\u00edbenos un e-mail a contacto@lacasitadelherrador.com[\/vc_column_text]<div class=\"ult-spacer spacer-69ee1f645c696\" data-id=\"69ee1f645c696\" data-height=\"32\" data-height-mobile=\"0\" data-height-tab=\"0\" data-height-tab-portrait=\"0\" data-height-mobile-landscape=\"0\" style=\"clear:both;display:block;\"><\/div><div id=\"ultimate-heading-419469ee1f645ca9b\" class=\"uvc-heading ult-adjust-bottom-margin ultimate-heading-419469ee1f645ca9b uvc-5637 \" data-hspacer=\"icon_only\"  data-halign=\"center\" style=\"text-align:center\"><div class=\"uvc-heading-spacer icon_only\" style=\"top\"><div class=\"ult-just-icon-wrapper  \"><div class=\"align-icon\" style=\"text-align:center;\">\n<div class=\"aio-icon-img \" style=\"font-size:48px;display:inline-block;\" >\n\t<img decoding=\"async\" class=\"img-icon\" alt=\"null\" src=\"https:\/\/www.orus.cloud\/lacasitadelherrador\/wp-content\/uploads\/2021\/06\/herradura.png\"\/>\n<\/div><\/div><\/div><\/div><div class=\"uvc-main-heading ult-responsive\"  data-ultimate-target='.uvc-heading.ultimate-heading-419469ee1f645ca9b h2'  data-responsive-json-new='{\"font-size\":\"desktop:24px;\",\"line-height\":\"\"}' ><h2 style=\"font-family:&#039;Poppins&#039;;font-weight:600;color:#222222;\">A TENER EN CUENTA<\/h2><\/div><\/div><div class=\"ult-spacer spacer-69ee1f645cb11\" data-id=\"69ee1f645cb11\" data-height=\"25\" data-height-mobile=\"0\" data-height-tab=\"0\" data-height-tab-portrait=\"0\" data-height-mobile-landscape=\"0\" style=\"clear:both;display:block;\"><\/div><div class=\"uavc-list-icon uavc-list-icon-wrapper ult-adjust-bottom-margin   \"><ul class=\"uavc-list\"><li><div class=\"uavc-list-content\" id=\"list-icon-wrap-2705\">\n<div class=\"uavc-list-icon  \" data-animation=\"\" data-animation-delay=\"03\" style=\"margin-right:5px;\"><div class=\"ult-just-icon-wrapper  \"><div class=\"align-icon\" style=\"text-align:center;\">\n<div class=\"aio-icon none \"  style=\"color:#333333;font-size:20px;display:inline-block;\">\n\t<i class=\"Defaults-gift\"><\/i>\n<\/div><\/div><\/div>\n<\/div><span  data-ultimate-target='#list-icon-wrap-2705 .uavc-list-desc'  data-responsive-json-new='{\"font-size\":\"\",\"line-height\":\"\"}'  class=\"uavc-list-desc ult-responsive\" style=\"\"><span>Se incluye obsequio de bienvenida.<\/span><\/span><\/div><\/li><li><div class=\"uavc-list-content\" id=\"list-icon-wrap-3078\">\n<div class=\"uavc-list-icon  \" data-animation=\"\" data-animation-delay=\"03\" style=\"margin-right:5px;\"><div class=\"ult-just-icon-wrapper  \"><div class=\"align-icon\" style=\"text-align:center;\">\n<div class=\"aio-icon none \"  style=\"color:#333333;font-size:20px;display:inline-block;\">\n\t<i class=\"Defaults-money\"><\/i>\n<\/div><\/div><\/div>\n<\/div><span  data-ultimate-target='#list-icon-wrap-3078 .uavc-list-desc'  data-responsive-json-new='{\"font-size\":\"\",\"line-height\":\"\"}'  class=\"uavc-list-desc ult-responsive\" style=\"\"><span>La forma de pago ser\u00e1 efectivo. No se admiten tarjetas de cr\u00e9dito.<\/span><\/span><\/div><\/li><li><div class=\"uavc-list-content\" id=\"list-icon-wrap-9508\">\n<div class=\"uavc-list-icon  \" data-animation=\"\" data-animation-delay=\"03\" style=\"margin-right:5px;\"><div class=\"ult-just-icon-wrapper  \"><div class=\"align-icon\" style=\"text-align:center;\">\n<div class=\"aio-icon none \"  style=\"color:#333333;font-size:20px;display:inline-block;\">\n\t<i class=\"Defaults-paint-brush\"><\/i>\n<\/div><\/div><\/div>\n<\/div><span  data-ultimate-target='#list-icon-wrap-9508 .uavc-list-desc'  data-responsive-json-new='{\"font-size\":\"\",\"line-height\":\"\"}'  class=\"uavc-list-desc ult-responsive\" style=\"\"><span>Incluye limpieza de entrada y salida.<\/span><\/span><\/div><\/li><li><div class=\"uavc-list-content\" id=\"list-icon-wrap-5305\">\n<div class=\"uavc-list-icon  \" data-animation=\"\" data-animation-delay=\"03\" style=\"margin-right:5px;\"><div class=\"ult-just-icon-wrapper  \"><div class=\"align-icon\" style=\"text-align:center;\">\n<div class=\"aio-icon none \"  style=\"color:#333333;font-size:20px;display:inline-block;\">\n\t<i class=\"Defaults-recycle\"><\/i>\n<\/div><\/div><\/div>\n<\/div><span  data-ultimate-target='#list-icon-wrap-5305 .uavc-list-desc'  data-responsive-json-new='{\"font-size\":\"\",\"line-height\":\"\"}'  class=\"uavc-list-desc ult-responsive\" style=\"\"><span>Se realiza un cambio de ropa semanal (cama, toallas, manteler\u00eda y cocina) para estancias de m\u00e1s de una semana.<\/span><\/span><\/div><\/li><li><div class=\"uavc-list-content\" id=\"list-icon-wrap-3338\">\n<div class=\"uavc-list-icon  \" data-animation=\"\" data-animation-delay=\"03\" style=\"margin-right:5px;\"><div class=\"ult-just-icon-wrapper  \"><div class=\"align-icon\" style=\"text-align:center;\">\n<div class=\"aio-icon none \"  style=\"color:#333333;font-size:20px;display:inline-block;\">\n\t<i class=\"Defaults-clock-o\"><\/i>\n<\/div><\/div><\/div>\n<\/div><span  data-ultimate-target='#list-icon-wrap-3338 .uavc-list-desc'  data-responsive-json-new='{\"font-size\":\"\",\"line-height\":\"\"}'  class=\"uavc-list-desc ult-responsive\" style=\"\"><span>El inicio del servicio ser\u00e1 a las 16 horas. El servicio de alojamiento terminar\u00e1 a las 12 horas del d\u00eda previsto como fecha de salida. (Consultar la posibilidad de late Check-out hasta las 17 horas.)<\/span><\/span><\/div><\/li><li><div class=\"uavc-list-content\" id=\"list-icon-wrap-1247\">\n<div class=\"uavc-list-icon  \" data-animation=\"\" data-animation-delay=\"03\" style=\"margin-right:5px;\"><div class=\"ult-just-icon-wrapper  \"><div class=\"align-icon\" style=\"text-align:center;\">\n<div class=\"aio-icon none \"  style=\"color:#333333;font-size:20px;display:inline-block;\">\n\t<i class=\"Defaults-calendar\"><\/i>\n<\/div><\/div><\/div>\n<\/div><span  data-ultimate-target='#list-icon-wrap-1247 .uavc-list-desc'  data-responsive-json-new='{\"font-size\":\"\",\"line-height\":\"\"}'  class=\"uavc-list-desc ult-responsive\" style=\"\"><span>Si se anula la reserva con menos de 15 d\u00edas de antelaci\u00f3n, el anticipo no se devuelve.<\/span><\/span><\/div><\/li><li><div class=\"uavc-list-content\" id=\"list-icon-wrap-4493\">\n<div class=\"uavc-list-icon  \" data-animation=\"\" data-animation-delay=\"03\" style=\"margin-right:5px;\"><div class=\"ult-just-icon-wrapper  \"><div class=\"align-icon\" style=\"text-align:center;\">\n<div class=\"aio-icon none \"  style=\"color:#333333;font-size:20px;display:inline-block;\">\n\t<i class=\"Defaults-user\"><\/i>\n<\/div><\/div><\/div>\n<\/div><span  data-ultimate-target='#list-icon-wrap-4493 .uavc-list-desc'  data-responsive-json-new='{\"font-size\":\"\",\"line-height\":\"\"}'  class=\"uavc-list-desc ult-responsive\" style=\"\"><span>Precio por pernoctar 1 noche, consultar con el propietario.<\/span><\/span><\/div><\/li><\/ul><\/div><\/div>\n[\/vc_column][\/vc_row]<\/p>\n","protected":false},"excerpt":{"rendered":"<p>[vc_row][vc_column][\/vc_column][\/vc_row][vc_row wrap_container=&#8221;yes&#8221; equal_height=&#8221;yes&#8221; el_class=&#8221;room_search_4 main-bg_color&#8221;][vc_column offset=&#8221;vc_col-lg-4 vc_col-md-12&#8243;][\/vc_column][vc_column offset=&#8221;vc_col-lg-8 vc_col-md-12&#8243;][\/vc_column][\/vc_row][vc_row][vc_column][vc_column_text css=&#8221;.vc_custom_1624813056487{margin-top: 0px !important;margin-bottom: 0px !important;padding-top: 0px !important;padding-bottom: 0px !important;}&#8221;] Reservar [\/vc_column_text][\/vc_column][\/vc_row]<\/p>\n","protected":false},"author":1,"featured_media":0,"parent":0,"menu_order":0,"comment_status":"closed","ping_status":"closed","template":"","meta":{"footnotes":""},"class_list":["post-947","page","type-page","status-publish","hentry"],"_links":{"self":[{"href":"https:\/\/www.orus.cloud\/lacasitadelherrador\/index.php?rest_route=\/wp\/v2\/pages\/947","targetHints":{"allow":["GET"]}}],"collection":[{"href":"https:\/\/www.orus.cloud\/lacasitadelherrador\/index.php?rest_route=\/wp\/v2\/pages"}],"about":[{"href":"https:\/\/www.orus.cloud\/lacasitadelherrador\/index.php?rest_route=\/wp\/v2\/types\/page"}],"author":[{"embeddable":true,"href":"https:\/\/www.orus.cloud\/lacasitadelherrador\/index.php?rest_route=\/wp\/v2\/users\/1"}],"replies":[{"embeddable":true,"href":"https:\/\/www.orus.cloud\/lacasitadelherrador\/index.php?rest_route=%2Fwp%2Fv2%2Fcomments&post=947"}],"version-history":[{"count":19,"href":"https:\/\/www.orus.cloud\/lacasitadelherrador\/index.php?rest_route=\/wp\/v2\/pages\/947\/revisions"}],"predecessor-version":[{"id":1375,"href":"https:\/\/www.orus.cloud\/lacasitadelherrador\/index.php?rest_route=\/wp\/v2\/pages\/947\/revisions\/1375"}],"wp:attachment":[{"href":"https:\/\/www.orus.cloud\/lacasitadelherrador\/index.php?rest_route=%2Fwp%2Fv2%2Fmedia&parent=947"}],"curies":[{"name":"wp","href":"https:\/\/api.w.org\/{rel}","templated":true}]}}